{"id":8223,"date":"2023-12-14T05:40:11","date_gmt":"2023-12-14T04:40:11","guid":{"rendered":"https:\/\/minuartia.c.wetopi.com\/aviso-legal\/"},"modified":"2024-02-07T12:23:52","modified_gmt":"2024-02-07T11:23:52","slug":"aviso-legal","status":"publish","type":"page","link":"https:\/\/minuartia.com\/es\/aviso-legal\/","title":{"rendered":"Aviso legal"},"content":{"rendered":"\t\t<div data-elementor-type=\"wp-page\" data-elementor-id=\"8223\" class=\"elementor elementor-8223 elementor-5989\" data-elementor-post-type=\"page\">\n\t\t\t\t<div class=\"elementor-element elementor-element-fcd00ed e-flex e-con-boxed e-con e-parent\" data-id=\"fcd00ed\" data-element_type=\"container\" data-e-type=\"container\">\n\t\t\t\t\t<div class=\"e-con-inner\">\n\t\t<div class=\"elementor-element elementor-element-c9c6980 e-con-full e-flex e-con e-child\" data-id=\"c9c6980\" data-element_type=\"container\" data-e-type=\"container\">\n\t\t\t\t<div class=\"elementor-element elementor-element-d78b782 elementor-widget elementor-widget-heading\" data-id=\"d78b782\" data-element_type=\"widget\" data-e-type=\"widget\" data-widget_type=\"heading.default\">\n\t\t\t\t<div class=\"elementor-widget-container\">\n\t\t\t\t\t<h2 class=\"elementor-heading-title elementor-size-default\">Aviso legal<\/h2>\t\t\t\t<\/div>\n\t\t\t\t<\/div>\n\t\t\t\t<div class=\"elementor-element elementor-element-61177db elementor-widget elementor-widget-text-editor\" data-id=\"61177db\" data-element_type=\"widget\" data-e-type=\"widget\" data-widget_type=\"text-editor.default\">\n\t\t\t\t<div class=\"elementor-widget-container\">\n\t\t\t\t\t\t\t\t\t<h3>1) INFORMACI\u00d3N DEL TITULAR<\/h3>\n<p>En cumplimiento del art\u00edculo 10 de la Ley 34\/2002, de 11 de julio, de Servicios de la Sociedad de la Informaci\u00f3n y Comercio Electr\u00f3nico, a continuaci\u00f3n, se exponen los datos identificativos del Titular:<\/p>\n<table>\n<tbody>\n<tr>\n<td>Web:<\/td>\n<td>https:\/\/minuartia.c.wetopi.com\/<\/td>\n<\/tr>\n<tr>\n<td>Titular:<\/td>\n<td>MINUARTIA ESTUDIS AMBIENTALS, S.L.<\/td>\n<\/tr>\n<tr>\n<td>Domicilio:<\/td>\n<td>CARRER D&#8217;ARAG\u00d3 208, 5-3. 08011-BARCELONA<\/td>\n<\/tr>\n<tr>\n<td>CIF:<\/td>\n<td>B58928656<\/td>\n<\/tr>\n<tr>\n<td>Tel\u00e9fono:<\/td>\n<td>935140860<\/td>\n<\/tr>\n<tr>\n<td>Correo electr\u00f3nico:<\/td>\n<td>info@minuartia.com<\/td>\n<\/tr>\n<tr>\n<td>Dades registrals:<\/td>\n<td>INTRODU\u00cfR LES DADES REGISTRALS<\/td>\n<\/tr>\n<\/tbody>\n<\/table>\n<h3>2) T\u00c9RMINOS Y CONDICIONES DE ACCESO Y USO<\/h3>\n<h4>El sitio web<\/h4>\n<p>El objeto de las presentes Condiciones Generales de Uso (en adelante, Condiciones) es regular el acceso y la utilizaci\u00f3n del Sitio Web.<\/p>\n<p>MINUART\u00cdA ESTUDIOS AMBIENTALES, S.L. se reserva la facultad de modificar, en cualquier momento, y sin previo aviso, la presentaci\u00f3n y configuraci\u00f3n del Sitio web y de los Contenidos y Servicios que en \u00e9l pudieran estar incorporados. El Usuario reconoce y acepta que en cualquier momento MINUARTIA ESTUDIOS AMBIENTALES, S.L. pueda interrumpir, desactivar y\/o cancelar cualquiera de estos elementos que se integran en el Sitio Web o el acceso a los mismos.<\/p>\n<p>El acceso al Sitio Web por el Usuario tiene car\u00e1cter libre y, por regla general, es gratuito sin que el Usuario deba proporcionar una contraprestaci\u00f3n para poder disfrutar de ello, salvo en lo relativo al coste de conexi\u00f3n a trav\u00e9s de la red de telecomunicaciones suministrada por el proveedor de acceso que hubiera contratado al Usuario.<\/p>\n<h4>Usuario<\/h4>\n<p>El acceso, la navegaci\u00f3n y uso del Sitio web, (as\u00ed como por los espacios habilitados para interactuar entre los Usuarios, y el Usuario y MINUARTIA ESTUDIOS AMBIENTALES, S.L., como los comentarios y\/o espacios de blogging en caso de haber -los), confieren la condici\u00f3n de Usuario. Por lo que el Usuario se compromete a utilizar la p\u00e1gina Web y aquellos servicios puestos a su disposici\u00f3n a trav\u00e9s de \u00e9sta, de forma acorde a la Ley, moral, buenas costumbres y orden p\u00fablico, as\u00ed como con lo dispuesto en el presente clausulado. En consecuencia, queda obligado a no utilizar la Web con fines o efectos il\u00edcitos y\/o contrarios a lo establecido, lesivos de derechos y\/o intereses de terceros o que, de cualquier forma, puedan da\u00f1ar la Web o impedir el su normal uso, o de los servicios accesibles a trav\u00e9s de la misma.<\/p>\n<p>La utilizaci\u00f3n de la Web y\/o de sus Servicios, supondr\u00e1 la aceptaci\u00f3n plena y sin reservas, y la validez, de todas y cada una de las cl\u00e1usulas recogidas en la \u00faltima versi\u00f3n actualizada de este Aviso Legal, por lo que &#8216;Usuario deber\u00e1 ser consciente de la importancia de leerlas cada vez que visite la Web. A su vez, no supone entablar ning\u00fan tipo de relaci\u00f3n de car\u00e1cter comercial entre MINUARTIA ESTUDIOS AMBIENTALES, S.L. y el Usuario.<\/p>\n<p>El acceso, navegaci\u00f3n y uso del Sitio Web, confiere la condici\u00f3n de Usuario, por lo que se aceptan, desde que se inicia la navegaci\u00f3n por el Sitio Web, todas las Condiciones aqu\u00ed establecidas, as\u00ed como sus ulteriores modificaciones , sin perjuicio de la aplicaci\u00f3n de la correspondiente normativa legal de obligado cumplimiento seg\u00fan el caso. Dada la relevancia de lo anterior, se recomienda al Usuario leerlas cada vez que visite el Sitio Web.<\/p>\n<p>Siempre en el respeto de la legislaci\u00f3n vigente, este Sitio web de MINUARTIA ESTUDIOS AMBIENTALES, S.L. se dirige a todas las personas, sin importar su edad, que puedan acceder y\/o navegar por las p\u00e1ginas del sitio web.<\/p>\n<h3>3) PROPIEDAD INTELECTUAL<\/h3>\n<p>A efectos de preservar los posibles derechos de propiedad intelectual, en caso de que cualquier usuario\/a o un tercero\/a considere que se ha producido una violaci\u00f3n de sus leg\u00edtimos derechos por la introducci\u00f3n de un determinado contenido en la Web , deber\u00e1 notificar esta circunstancia a MINUARTIA ESTUDIOS AMBIENTALES, S.L. indicando:<\/p>\n<ul>\n<li>Datos personales de la persona interesada titular de los derechos presuntamente infringidos. Si la reclamaci\u00f3n la presenta un tercero\/a diferente a la persona interesada, deber\u00e1 indicar la representaci\u00f3n con la que act\u00faa.<\/li>\n<li>Indicaci\u00f3n de los contenidos protegidos por los derechos de propiedad intelectual y su ubicaci\u00f3n en la Web.<\/li>\n<li>Acreditaci\u00f3n de los citados derechos de propiedad intelectual.<\/li>\n<li>Declaraci\u00f3n expresa en la que el interesado se responsabiliza de la veracidad de las informaciones facilitadas en la notificaci\u00f3n.<\/li>\n<\/ul>\n<p>La marca MINUARTIA ESTUDIOS AMBIENTALES, S.L. y la correspondiente marca gr\u00e1fica es marca registrada y queda prohibida su reproducci\u00f3n o uso sin la autorizaci\u00f3n de su titular. Igualmente cualquier otra marca del MINUARTIA ESTUDIOS AMBIENTALES, S.L. que aparezca en los sitios web detallados en el apartado 1 de este aviso.<\/p>\n<p>La legitimidad de los derechos de propiedad intelectual o industrial correspondientes a los contenidos aportados por terceros\/as es de la exclusiva responsabilidad de los\/las mismos\/as.<\/p>\n<h3>4) EXCLUSI\u00d3N DE RESPONSABILIDAD<\/h3>\n<p>MINUART\u00cdA ESTUDIOS AMBIENTALES, S.L. con la m\u00e1xima diligencia posible para que los datos y la informaci\u00f3n que ofrece en su sitio web est\u00e9 actualizado en todo momento. No garantiza ni se hace responsable la exactitud y actualizaci\u00f3n de los contenidos del sitio web, reserv\u00e1ndose el derecho a modificar estos contenidos en cualquier momento. MINUARTIA ESTUDIOS AMBIENTALES, S.L. tampoco ser\u00e1 responsable de la informaci\u00f3n que pueda obtenerse a trav\u00e9s de enlaces incluidos en el sitio web.<\/p>\n<p>Las relaciones comerciales entre clientes se regir\u00e1n por las condiciones generales que, si fuera necesario, se establecer\u00edan por MINUARTIA ESTUDIOS AMBIENTALES, S.L. en un documento espec\u00edfico al efecto, o para los pactos concretos que puedan recordarse con los clientes.<\/p>\n<h3>5) POL\u00cdTICA DE INFORMACI\u00d3N Y PUBLICIDAD COMERCIAL.<\/h3>\n<p>MINUARTIA ESTUDIOS AMBIENTALES, S.L. se compromete a trav\u00e9s de este medio a no realizar publicidad enga\u00f1osa. A tal efecto, por tanto, no ser\u00e1n considerados como publicidad enga\u00f1osa los errores formales o num\u00e9ricos que puedan encontrarse a lo largo del contenido de las diferentes secciones de la Web, producidos a consecuencia de un mantenimiento y\/o actualizaci\u00f3n incompleta de la informaci\u00f3n contenida en estas secciones. MINUARTIA ESTUDIOS AMBIENTALES, S.L., a consecuencia de lo dispuesto en este apartado, se compromete a corregirlo tan pronto como tenga conocimiento de estos errores.<\/p>\n<p>MINUART\u00cdA ESTUDIOS AMBIENTALES, S.L. se compromete a no remitir comunicaciones comerciales sin identificarlas como tales, conforme a lo dispuesto en la Ley 34\/2002 de Servicios de la Sociedad de la Informaci\u00f3n y comercio electr\u00f3nico. A tal efecto no ser\u00e1 considerada como comunicaci\u00f3n comercial toda la informaci\u00f3n que se env\u00ede a los clientes de MINUARTIA ESTUDIOS AMBIENTALES, S.L. que tenga por finalidad el mantenimiento de la relaci\u00f3n contractual existente entre cliente y MINUARTIA ESTUDIOS AMBIENTALES, S.L., as\u00ed como el desempe\u00f1o de las tareas de informaci\u00f3n y otras actividades propias del servicio que el cliente tiene contratado.<\/p>\n<p>En el caso de recibir comunicaciones por estos medios (correos electr\u00f3nicos, mensajes de respuesta automatizada de formularios, y otros sistemas de comunicaci\u00f3n) le informamos que los mensajes se dirigen exclusivamente a su destinatario y puede contener informaci\u00f3n privilegiada o confidencial. Si no es usted el destinatario indicado, queda notificado que su utilizaci\u00f3n, divulgaci\u00f3n y\/o copia sin autorizaci\u00f3n est\u00e1 prohibida en virtud de la legislaci\u00f3n vigente.<\/p>\n<p>De conformidad con lo que se establece en la Ley 34\/2002 de 11 de julio, de Servicios de la Sociedad de la Informaci\u00f3n y del Comercio Electr\u00f3nico, y la Directiva 2002\/58\/CE le comunicamos que en caso de que no desee recibir comunicaciones e informaciones de \u00edndole comercial mediante este sistema de comunicaci\u00f3n electr\u00f3nica, nos lo indique por esta misma v\u00eda indicando en el asunto BAJA COMUNICACIONES para que sus datos personales sean dados de baja de nuestra base de datos.<\/p>\n<p>Su solicitud ser\u00e1 accionada en un plazo de 10 d\u00edas desde su env\u00edo. En caso de que no recibamos contestaci\u00f3n expresa por su parte, entenderemos que acepta y autoriza que nuestra empresa contin\u00fae realizando las referidas comunicaciones.<\/p>\n<h3>6) POL\u00cdTICA DE ENLACES<\/h3>\n<p>El Usuario o tercero que realice un hiperv\u00ednculo desde una p\u00e1gina web de otro, diferente, sitio web al Sitio web deber\u00e1 saber que:<\/p>\n<p>No se permite la reproducci\u00f3n -total o parcialmente- de ninguno de los Contenidos y\/o Servicios del Sitio web sin autorizaci\u00f3n expresa de MINUARTIA ESTUDIOS AMBIENTALES, S.L.<\/p>\n<p>No se permite tampoco ninguna manifestaci\u00f3n falsa, inexacta o incorrecta sobre el Sitio Web de MINUARTIA ESTUDIOS AMBIENTALES, S.L., ni sobre los Contenidos y\/o Servicios del mismo.<\/p>\n<p>A excepci\u00f3n del enlace, el sitio web en el que se establezca este enlace no contendr\u00e1 ning\u00fan elemento, de este Sitio web, protegido como propiedad intelectual por el ordenamiento jur\u00eddico espa\u00f1ol, salvo autorizaci\u00f3n expresa de MINUARTIA ESTUDIOS AMBIENTALES , S.L..<\/p>\n<p>El establecimiento del enlace no implicar\u00e1 la existencia de relaciones entre MINUARTIA ESTUDIOS AMBIENTALES, S.L. y el titular del sitio web desde el que se realice, ni el conocimiento y aceptaci\u00f3n de MINUARTIA ESTUDIOS AMBIENTALES, S.L. de los contenidos, servicios y\/o actividades ofrecidas en este sitio web, y viceversa.<\/p>\n<h3>7) REDES SOCIALES<\/h3>\n<p>Le informamos que puede tener presencia en redes sociales. El tratamiento de los datos que se lleve a cabo de las personas que se hagan seguidoras en las redes sociales (y\/o realicen cualquier v\u00ednculo o acci\u00f3n de conexi\u00f3n a trav\u00e9s de las redes sociales) de las p\u00e1ginas oficiales se regir\u00e1 por este apartado, as\u00ed como por aquellas condiciones de uso, pol\u00edticas de privacidad y normativas de acceso que pertenezcan a la red social que proceda en cada caso y aceptadas previamente por el usuario.<\/p>\n<h3>8) JURISDICCI\u00d3N Y LEYES APLICABLES.<\/h3>\n<p>El uso de este sitio web implica la aceptaci\u00f3n plena de los t\u00e9rminos del presente aviso legal. El presente Aviso Legal y todas las relaciones que se establezcan entre MINUARTIA ESTUDIOS AMBIENTALES, S.L. el Usuario de la Web y sus servicios se regir\u00e1n por lo que se establece en la legislaci\u00f3n espa\u00f1ola.<\/p>\n<p><strong>\u00daltima actualitzaci\u00f3n: 29\/01\/24<\/strong><\/p>\n\t\t\t\t\t\t\t\t<\/div>\n\t\t\t\t<\/div>\n\t\t\t\t<\/div>\n\t\t\t\t\t<\/div>\n\t\t\t\t<\/div>\n\t\t\t\t<\/div>\n\t\t","protected":false},"excerpt":{"rendered":"<p>Aviso legal 1) INFORMACI\u00d3N DEL TITULAR En cumplimiento del art\u00edculo 10 de la Ley 34\/2002, de 11 de julio, de Servicios de la Sociedad de la Informaci\u00f3n y Comercio Electr\u00f3nico, a continuaci\u00f3n, se exponen los datos identificativos del Titular: Web: https:\/\/minuartia.com\/ Titular: MINUARTIA ESTUDIS AMBIENTALS, S.L. Domicilio: CARRER D&#8217;ARAG\u00d3 208, 5-3. 08011-BARCELONA CIF: B58928656 Tel\u00e9fono: [&hellip;]<\/p>\n","protected":false},"author":2,"featured_media":0,"parent":0,"menu_order":0,"comment_status":"closed","ping_status":"closed","template":"","meta":{"_acf_changed":false,"footnotes":""},"class_list":["post-8223","page","type-page","status-publish","hentry"],"acf":[],"yoast_head":"<!-- This site is optimized with the Yoast SEO plugin v27.1.1 - https:\/\/yoast.com\/product\/yoast-seo-wordpress\/ -->\n<title>Aviso legal | Minuartia<\/title>\n<meta name=\"description\" content=\"Aviso legal 1) INFORMACI\u00d3N DEL TITULAR En cumplimiento del art\u00edculo 10 de la Ley 34\/2002, de 11 de julio, de Servicios de la Sociedad de la Informaci\u00f3n y\" \/>\n<meta name=\"robots\" content=\"index, follow, max-snippet:-1, max-image-preview:large, max-video-preview:-1\" \/>\n<link rel=\"canonical\" href=\"https:\/\/minuartia.com\/es\/aviso-legal\/\" \/>\n<meta property=\"og:locale\" content=\"es_ES\" \/>\n<meta property=\"og:type\" content=\"article\" \/>\n<meta property=\"og:title\" content=\"Aviso legal | Minuartia\" \/>\n<meta property=\"og:description\" content=\"Aviso legal 1) INFORMACI\u00d3N DEL TITULAR En cumplimiento del art\u00edculo 10 de la Ley 34\/2002, de 11 de julio, de Servicios de la Sociedad de la Informaci\u00f3n y\" \/>\n<meta property=\"og:url\" content=\"https:\/\/minuartia.com\/es\/aviso-legal\/\" \/>\n<meta property=\"og:site_name\" content=\"Minuartia\" \/>\n<meta property=\"article:modified_time\" content=\"2024-02-07T11:23:52+00:00\" \/>\n<meta property=\"og:image\" content=\"https:\/\/minuartia.com\/wp-content\/uploads\/2023\/10\/bosque3.jpg\" \/>\n\t<meta property=\"og:image:width\" content=\"1280\" \/>\n\t<meta property=\"og:image:height\" content=\"807\" \/>\n\t<meta property=\"og:image:type\" content=\"image\/jpeg\" \/>\n<meta name=\"twitter:card\" content=\"summary_large_image\" \/>\n<meta name=\"twitter:site\" content=\"@minuartia_tw\" \/>\n<meta name=\"twitter:label1\" content=\"Tiempo de lectura\" \/>\n\t<meta name=\"twitter:data1\" content=\"9 minutos\" \/>\n<script type=\"application\/ld+json\" class=\"yoast-schema-graph\">{\"@context\":\"https:\/\/schema.org\",\"@graph\":[{\"@type\":\"WebPage\",\"@id\":\"https:\/\/minuartia.com\/es\/aviso-legal\/\",\"url\":\"https:\/\/minuartia.com\/es\/aviso-legal\/\",\"name\":\"Aviso legal | Minuartia\",\"isPartOf\":{\"@id\":\"https:\/\/minuartia.com\/es\/#website\"},\"datePublished\":\"2023-12-14T04:40:11+00:00\",\"dateModified\":\"2024-02-07T11:23:52+00:00\",\"description\":\"Aviso legal 1) INFORMACI\u00d3N DEL TITULAR En cumplimiento del art\u00edculo 10 de la Ley 34\/2002, de 11 de julio, de Servicios de la Sociedad de la Informaci\u00f3n y\",\"breadcrumb\":{\"@id\":\"https:\/\/minuartia.com\/es\/aviso-legal\/#breadcrumb\"},\"inLanguage\":\"es\",\"potentialAction\":[{\"@type\":\"ReadAction\",\"target\":[\"https:\/\/minuartia.com\/es\/aviso-legal\/\"]}]},{\"@type\":\"BreadcrumbList\",\"@id\":\"https:\/\/minuartia.com\/es\/aviso-legal\/#breadcrumb\",\"itemListElement\":[{\"@type\":\"ListItem\",\"position\":1,\"name\":\"Inici\",\"item\":\"https:\/\/minuartia.com\/es\/\"},{\"@type\":\"ListItem\",\"position\":2,\"name\":\"Aviso legal\"}]},{\"@type\":\"WebSite\",\"@id\":\"https:\/\/minuartia.com\/es\/#website\",\"url\":\"https:\/\/minuartia.com\/es\/\",\"name\":\"Minuartia\",\"description\":\"Gesti\u00f3 i Conservaci\u00f3 de Fauna i Biodiversitat.\",\"publisher\":{\"@id\":\"https:\/\/minuartia.com\/es\/#organization\"},\"alternateName\":\"Coneixement aplicat en biodiversitat i gesti\u00f3 de fauna\",\"potentialAction\":[{\"@type\":\"SearchAction\",\"target\":{\"@type\":\"EntryPoint\",\"urlTemplate\":\"https:\/\/minuartia.com\/es\/?s={search_term_string}\"},\"query-input\":{\"@type\":\"PropertyValueSpecification\",\"valueRequired\":true,\"valueName\":\"search_term_string\"}}],\"inLanguage\":\"es\"},{\"@type\":\"Organization\",\"@id\":\"https:\/\/minuartia.com\/es\/#organization\",\"name\":\"Minuartia\",\"alternateName\":\"Minuartia\",\"url\":\"https:\/\/minuartia.com\/es\/\",\"logo\":{\"@type\":\"ImageObject\",\"inLanguage\":\"es\",\"@id\":\"https:\/\/minuartia.com\/es\/#\/schema\/logo\/image\/\",\"url\":\"https:\/\/minuartia.com\/wp-content\/uploads\/2023\/09\/OG-logo-MINUARTIA-RGB_transparent.png\",\"contentUrl\":\"https:\/\/minuartia.com\/wp-content\/uploads\/2023\/09\/OG-logo-MINUARTIA-RGB_transparent.png\",\"width\":1570,\"height\":701,\"caption\":\"Minuartia\"},\"image\":{\"@id\":\"https:\/\/minuartia.com\/es\/#\/schema\/logo\/image\/\"},\"sameAs\":[\"https:\/\/x.com\/minuartia_tw\",\"https:\/\/www.youtube.com\/user\/MINUARTIAwildlife?sub_confirmation=1\"]}]}<\/script>\n<!-- \/ Yoast SEO plugin. -->","yoast_head_json":{"title":"Aviso legal | Minuartia","description":"Aviso legal 1) INFORMACI\u00d3N DEL TITULAR En cumplimiento del art\u00edculo 10 de la Ley 34\/2002, de 11 de julio, de Servicios de la Sociedad de la Informaci\u00f3n y","robots":{"index":"index","follow":"follow","max-snippet":"max-snippet:-1","max-image-preview":"max-image-preview:large","max-video-preview":"max-video-preview:-1"},"canonical":"https:\/\/minuartia.com\/es\/aviso-legal\/","og_locale":"es_ES","og_type":"article","og_title":"Aviso legal | Minuartia","og_description":"Aviso legal 1) INFORMACI\u00d3N DEL TITULAR En cumplimiento del art\u00edculo 10 de la Ley 34\/2002, de 11 de julio, de Servicios de la Sociedad de la Informaci\u00f3n y","og_url":"https:\/\/minuartia.com\/es\/aviso-legal\/","og_site_name":"Minuartia","article_modified_time":"2024-02-07T11:23:52+00:00","og_image":[{"width":1280,"height":807,"url":"https:\/\/minuartia.com\/wp-content\/uploads\/2023\/10\/bosque3.jpg","type":"image\/jpeg"}],"twitter_card":"summary_large_image","twitter_site":"@minuartia_tw","twitter_misc":{"Tiempo de lectura":"9 minutos"},"schema":{"@context":"https:\/\/schema.org","@graph":[{"@type":"WebPage","@id":"https:\/\/minuartia.com\/es\/aviso-legal\/","url":"https:\/\/minuartia.com\/es\/aviso-legal\/","name":"Aviso legal | Minuartia","isPartOf":{"@id":"https:\/\/minuartia.com\/es\/#website"},"datePublished":"2023-12-14T04:40:11+00:00","dateModified":"2024-02-07T11:23:52+00:00","description":"Aviso legal 1) INFORMACI\u00d3N DEL TITULAR En cumplimiento del art\u00edculo 10 de la Ley 34\/2002, de 11 de julio, de Servicios de la Sociedad de la Informaci\u00f3n y","breadcrumb":{"@id":"https:\/\/minuartia.com\/es\/aviso-legal\/#breadcrumb"},"inLanguage":"es","potentialAction":[{"@type":"ReadAction","target":["https:\/\/minuartia.com\/es\/aviso-legal\/"]}]},{"@type":"BreadcrumbList","@id":"https:\/\/minuartia.com\/es\/aviso-legal\/#breadcrumb","itemListElement":[{"@type":"ListItem","position":1,"name":"Inici","item":"https:\/\/minuartia.com\/es\/"},{"@type":"ListItem","position":2,"name":"Aviso legal"}]},{"@type":"WebSite","@id":"https:\/\/minuartia.com\/es\/#website","url":"https:\/\/minuartia.com\/es\/","name":"Minuartia","description":"Gesti\u00f3 i Conservaci\u00f3 de Fauna i Biodiversitat.","publisher":{"@id":"https:\/\/minuartia.com\/es\/#organization"},"alternateName":"Coneixement aplicat en biodiversitat i gesti\u00f3 de fauna","potentialAction":[{"@type":"SearchAction","target":{"@type":"EntryPoint","urlTemplate":"https:\/\/minuartia.com\/es\/?s={search_term_string}"},"query-input":{"@type":"PropertyValueSpecification","valueRequired":true,"valueName":"search_term_string"}}],"inLanguage":"es"},{"@type":"Organization","@id":"https:\/\/minuartia.com\/es\/#organization","name":"Minuartia","alternateName":"Minuartia","url":"https:\/\/minuartia.com\/es\/","logo":{"@type":"ImageObject","inLanguage":"es","@id":"https:\/\/minuartia.com\/es\/#\/schema\/logo\/image\/","url":"https:\/\/minuartia.com\/wp-content\/uploads\/2023\/09\/OG-logo-MINUARTIA-RGB_transparent.png","contentUrl":"https:\/\/minuartia.com\/wp-content\/uploads\/2023\/09\/OG-logo-MINUARTIA-RGB_transparent.png","width":1570,"height":701,"caption":"Minuartia"},"image":{"@id":"https:\/\/minuartia.com\/es\/#\/schema\/logo\/image\/"},"sameAs":["https:\/\/x.com\/minuartia_tw","https:\/\/www.youtube.com\/user\/MINUARTIAwildlife?sub_confirmation=1"]}]}},"_links":{"self":[{"href":"https:\/\/minuartia.com\/es\/wp-json\/wp\/v2\/pages\/8223","targetHints":{"allow":["GET"]}}],"collection":[{"href":"https:\/\/minuartia.com\/es\/wp-json\/wp\/v2\/pages"}],"about":[{"href":"https:\/\/minuartia.com\/es\/wp-json\/wp\/v2\/types\/page"}],"author":[{"embeddable":true,"href":"https:\/\/minuartia.com\/es\/wp-json\/wp\/v2\/users\/2"}],"replies":[{"embeddable":true,"href":"https:\/\/minuartia.com\/es\/wp-json\/wp\/v2\/comments?post=8223"}],"version-history":[{"count":3,"href":"https:\/\/minuartia.com\/es\/wp-json\/wp\/v2\/pages\/8223\/revisions"}],"predecessor-version":[{"id":8226,"href":"https:\/\/minuartia.com\/es\/wp-json\/wp\/v2\/pages\/8223\/revisions\/8226"}],"wp:attachment":[{"href":"https:\/\/minuartia.com\/es\/wp-json\/wp\/v2\/media?parent=8223"}],"curies":[{"name":"wp","href":"https:\/\/api.w.org\/{rel}","templated":true}]}}